{"id":98,"date":"2024-10-21T09:42:36","date_gmt":"2024-10-21T09:42:36","guid":{"rendered":"https:\/\/test.lbase.software\/?page_id=98"},"modified":"2024-12-16T09:29:36","modified_gmt":"2024-12-16T09:29:36","slug":"warehousemanagement","status":"publish","type":"page","link":"https:\/\/dev.lbase.software\/en\/warehousemanagement\/","title":{"rendered":"Warehouse management"},"content":{"rendered":"<div class=\"wp-block-cover alignfull is-style-default has-base-color has-text-color has-link-color wp-elements-a13a36c2d6eee0054108bc3cfdb615c4\" style=\"padding-top:var(--wp--preset--spacing--80);padding-bottom:var(--wp--preset--spacing--80);min-height:25vw;aspect-ratio:unset;\"><span aria-hidden=\"true\" class=\"wp-block-cover__background has-contrast-background-color has-background-dim\"><\/span><img loading=\"lazy\" decoding=\"async\" width=\"1536\" height=\"600\" src=\"https:\/\/dev.lbase.software\/wp-content\/uploads\/Relaunch_lbase_websiteVE_24061223.jpg\" class=\"wp-block-cover__image-background wp-post-image\" alt=\"WMS Warehouse Management lbase axians\" data-object-fit=\"cover\" data-object-position=\"51% 87%\" style=\"object-position:51% 87%;\" srcset=\"https:\/\/dev.lbase.software\/wp-content\/uploads\/Relaunch_lbase_websiteVE_24061223.jpg 1536w, https:\/\/dev.lbase.software\/wp-content\/uploads\/Relaunch_lbase_websiteVE_24061223-300x117.jpg 300w, https:\/\/dev.lbase.software\/wp-content\/uploads\/Relaunch_lbase_websiteVE_24061223-1024x400.jpg 1024w, https:\/\/dev.lbase.software\/wp-content\/uploads\/Relaunch_lbase_websiteVE_24061223-768x300.jpg 768w, https:\/\/dev.lbase.software\/wp-content\/uploads\/Relaunch_lbase_websiteVE_24061223-18x7.jpg 18w\" sizes=\"auto, (max-width: 1536px) 100vw, 1536px\" \/><div class=\"wp-block-cover__inner-container is-layout-flow wp-block-cover-is-layout-flow\">\n<h1 class=\"wp-block-heading has-text-align-center has-base-color has-text-color has-link-color wp-elements-8d23657c14a5dafa8c5e076f2a420c62\">Warehouse management<\/h1>\n<\/div><\/div>\n\n\n\n<div class=\"wp-block-group has-large-font-size has-global-padding is-layout-constrained wp-block-group-is-layout-constrained\" style=\"margin-top:var(--wp--preset--spacing--80);margin-bottom:var(--wp--preset--spacing--80)\">\n<p>Warehouse management is under increasing time and cost pressure, while at the same time safety and compliance requirements must be met. Companies need real-time visibility of stock levels and goods flows to avoid overstocking and stock shortages through reliable forecasting. Complex order management processes such as order picking with scanners, pick-by-systems or multi-order picking require precise control. The efficient handling of returns and the organisation of cross-docking processes are also part of daily business.<\/p>\n\n\n\n<p>All these challenges can be overcome with the WMS software solutions from lbase. They offer modern technologies that are optimally tailored to the requirements of today's warehouse management.<\/p>\n<\/div>\n\n\n\n<div class=\"wp-block-group is-layout-grid wp-container-core-group-is-layout-4aec44c5 wp-block-group-is-layout-grid\" style=\"margin-top:var(--wp--preset--spacing--80);margin-bottom:var(--wp--preset--spacing--80)\">\n<div class=\"wp-block-group has-global-padding is-layout-constrained wp-container-core-group-is-layout-346627ba wp-block-group-is-layout-constrained\">\n<figure class=\"wp-block-image size-large has-custom-border\"><a href=\"https:\/\/dev.lbase.software\/en\/bestandsverfolgung-und-verwaltung\/\"><img loading=\"lazy\" decoding=\"async\" width=\"1024\" height=\"400\" src=\"https:\/\/dev.lbase.software\/wp-content\/uploads\/Bestand_lbaseWsite_iSt_1386599849-1024x400.jpg\" alt=\"Warehouse Management Bestandverfolgung\/Verwaltung lbase, Axians, WMS Warehouse-Management\" class=\"wp-image-2558\" style=\"border-radius:0.5rem\" srcset=\"https:\/\/dev.lbase.software\/wp-content\/uploads\/Bestand_lbaseWsite_iSt_1386599849-1024x400.jpg 1024w, https:\/\/dev.lbase.software\/wp-content\/uploads\/Bestand_lbaseWsite_iSt_1386599849-300x117.jpg 300w, https:\/\/dev.lbase.software\/wp-content\/uploads\/Bestand_lbaseWsite_iSt_1386599849-768x300.jpg 768w, https:\/\/dev.lbase.software\/wp-content\/uploads\/Bestand_lbaseWsite_iSt_1386599849-18x7.jpg 18w, https:\/\/dev.lbase.software\/wp-content\/uploads\/Bestand_lbaseWsite_iSt_1386599849.jpg 1536w\" sizes=\"auto, (max-width: 1024px) 100vw, 1024px\" \/><\/a><\/figure>\n\n\n\n<div class=\"wp-block-group has-global-padding is-layout-constrained wp-container-core-group-is-layout-19e250f3 wp-block-group-is-layout-constrained\">\n<h3 class=\"wp-block-heading has-large-font-size\" style=\"line-height:1.25\"><a href=\"https:\/\/dev.lbase.software\/en\/bestandsverfolgung-und-verwaltung\/\" data-type=\"page\" data-id=\"100\">Inventory tracking &amp; management<\/a><\/h3>\n\n\n\n<p>With our warehouse management software, you can keep an eye on your stock in real time. You can check the flow of goods and carry out precise requirements planning.<\/p>\n<\/div>\n\n\n\n<div class=\"wp-block-buttons is-layout-flex wp-block-buttons-is-layout-flex\">\n<div class=\"wp-block-button is-style-text-display is-style-text-display--1\"><a class=\"wp-block-button__link wp-element-button\" href=\"https:\/\/dev.lbase.software\/en\/bestandsverfolgung-und-verwaltung\/\">LEARN MORE \u2192 <\/a><\/div>\n<\/div>\n<\/div>\n\n\n\n<div class=\"wp-block-group has-global-padding is-layout-constrained wp-container-core-group-is-layout-346627ba wp-block-group-is-layout-constrained\">\n<figure class=\"wp-block-image size-large has-custom-border\"><a href=\"https:\/\/dev.lbase.software\/en\/optimierung-der-lager-und-materialfluesse\/\"><img loading=\"lazy\" decoding=\"async\" width=\"1024\" height=\"400\" src=\"https:\/\/dev.lbase.software\/wp-content\/uploads\/Materialfluesse_WMS_lbaseWsite_iSt_1382273898-1024x400.jpg\" alt=\"Warehouse Management Materilafluss axians lbase\" class=\"wp-image-2559\" style=\"border-radius:0.5rem\" srcset=\"https:\/\/dev.lbase.software\/wp-content\/uploads\/Materialfluesse_WMS_lbaseWsite_iSt_1382273898-1024x400.jpg 1024w, https:\/\/dev.lbase.software\/wp-content\/uploads\/Materialfluesse_WMS_lbaseWsite_iSt_1382273898-300x117.jpg 300w, https:\/\/dev.lbase.software\/wp-content\/uploads\/Materialfluesse_WMS_lbaseWsite_iSt_1382273898-768x300.jpg 768w, https:\/\/dev.lbase.software\/wp-content\/uploads\/Materialfluesse_WMS_lbaseWsite_iSt_1382273898-18x7.jpg 18w, https:\/\/dev.lbase.software\/wp-content\/uploads\/Materialfluesse_WMS_lbaseWsite_iSt_1382273898.jpg 1536w\" sizes=\"auto, (max-width: 1024px) 100vw, 1024px\" \/><\/a><\/figure>\n\n\n\n<div class=\"wp-block-group has-global-padding is-layout-constrained wp-container-core-group-is-layout-19e250f3 wp-block-group-is-layout-constrained\">\n<h3 class=\"wp-block-heading has-large-font-size\" style=\"line-height:1.25\"><a href=\"https:\/\/dev.lbase.software\/en\/optimierung-der-lager-und-materialfluesse\/\" data-type=\"page\" data-id=\"102\">Optimization of warehouse and material flows<\/a><\/h3>\n\n\n\n<p>An inefficient warehouse layout and long distances slow down material flows and labour flows. Plan and optimise your warehouse with the lbase WMS software.<\/p>\n<\/div>\n\n\n\n<div class=\"wp-block-buttons is-layout-flex wp-block-buttons-is-layout-flex\">\n<div class=\"wp-block-button is-style-text-display is-style-text-display--2\"><a class=\"wp-block-button__link wp-element-button\" href=\"https:\/\/dev.lbase.software\/en\/optimierung-der-lager-und-materialfluesse\/\">LEARN MORE \u2192 <\/a><\/div>\n<\/div>\n<\/div>\n\n\n\n<div class=\"wp-block-group has-global-padding is-layout-constrained wp-container-core-group-is-layout-346627ba wp-block-group-is-layout-constrained\">\n<figure class=\"wp-block-image size-large has-custom-border\"><a href=\"https:\/\/dev.lbase.software\/en\/kommissionierung-und-auftragsmanagement\/\"><img loading=\"lazy\" decoding=\"async\" width=\"1024\" height=\"400\" src=\"https:\/\/dev.lbase.software\/wp-content\/uploads\/Kommissionierung_WMS_lbaseSite_iSt_1815707882-1024x400.jpg\" alt=\"Warehouse Management Komissionierung Auftagsmanagement Axians lbase\" class=\"wp-image-2560\" style=\"border-radius:0.5rem\" srcset=\"https:\/\/dev.lbase.software\/wp-content\/uploads\/Kommissionierung_WMS_lbaseSite_iSt_1815707882-1024x400.jpg 1024w, https:\/\/dev.lbase.software\/wp-content\/uploads\/Kommissionierung_WMS_lbaseSite_iSt_1815707882-300x117.jpg 300w, https:\/\/dev.lbase.software\/wp-content\/uploads\/Kommissionierung_WMS_lbaseSite_iSt_1815707882-768x300.jpg 768w, https:\/\/dev.lbase.software\/wp-content\/uploads\/Kommissionierung_WMS_lbaseSite_iSt_1815707882-18x7.jpg 18w, https:\/\/dev.lbase.software\/wp-content\/uploads\/Kommissionierung_WMS_lbaseSite_iSt_1815707882.jpg 1536w\" sizes=\"auto, (max-width: 1024px) 100vw, 1024px\" \/><\/a><\/figure>\n\n\n\n<div class=\"wp-block-group has-global-padding is-layout-constrained wp-container-core-group-is-layout-19e250f3 wp-block-group-is-layout-constrained\">\n<h3 class=\"wp-block-heading has-large-font-size\" style=\"line-height:1.25\"><a href=\"https:\/\/dev.lbase.software\/en\/kommissionierung-und-auftragsmanagement\/\" data-type=\"page\" data-id=\"106\">Order picking &amp; order management<\/a><\/h3>\n\n\n\n<p>Improve your picking orders with precise item tracking and fast dispatch with our software planning and execution.<\/p>\n<\/div>\n\n\n\n<div class=\"wp-block-buttons is-layout-flex wp-block-buttons-is-layout-flex\">\n<div class=\"wp-block-button is-style-text-display is-style-text-display--3\"><a class=\"wp-block-button__link wp-element-button\" href=\"https:\/\/dev.lbase.software\/en\/kommissionierung-und-auftragsmanagement\/\">LEARN MORE \u2192 <\/a><\/div>\n<\/div>\n<\/div>\n\n\n\n<div class=\"wp-block-group has-global-padding is-layout-constrained wp-container-core-group-is-layout-346627ba wp-block-group-is-layout-constrained\">\n<figure class=\"wp-block-image size-large has-custom-border\"><a href=\"https:\/\/dev.lbase.software\/en\/retouren-und-ruecksendungsmanagement\/\"><img loading=\"lazy\" decoding=\"async\" width=\"1024\" height=\"400\" src=\"https:\/\/dev.lbase.software\/wp-content\/uploads\/Retouren_WMS_lbaseWSite_iSt_1496036245-1024x400.jpg\" alt=\"Warehouse Retouren Management R\u00fccksendungen lbase Axians\" class=\"wp-image-2562\" style=\"border-radius:0.5rem\" srcset=\"https:\/\/dev.lbase.software\/wp-content\/uploads\/Retouren_WMS_lbaseWSite_iSt_1496036245-1024x400.jpg 1024w, https:\/\/dev.lbase.software\/wp-content\/uploads\/Retouren_WMS_lbaseWSite_iSt_1496036245-300x117.jpg 300w, https:\/\/dev.lbase.software\/wp-content\/uploads\/Retouren_WMS_lbaseWSite_iSt_1496036245-768x300.jpg 768w, https:\/\/dev.lbase.software\/wp-content\/uploads\/Retouren_WMS_lbaseWSite_iSt_1496036245-18x7.jpg 18w, https:\/\/dev.lbase.software\/wp-content\/uploads\/Retouren_WMS_lbaseWSite_iSt_1496036245.jpg 1536w\" sizes=\"auto, (max-width: 1024px) 100vw, 1024px\" \/><\/a><\/figure>\n\n\n\n<div class=\"wp-block-group has-global-padding is-layout-constrained wp-container-core-group-is-layout-19e250f3 wp-block-group-is-layout-constrained\">\n<h3 class=\"wp-block-heading has-large-font-size\" style=\"line-height:1.25\"><a href=\"https:\/\/dev.lbase.software\/en\/retouren-und-ruecksendungsmanagement\/\" data-type=\"page\" data-id=\"108\">Returns management<\/a><\/h3>\n\n\n\n<p>Returns are part of every warehouse management system. Simplify control and establish standardised procedures for improved processing with our WMS solution.<\/p>\n<\/div>\n\n\n\n<div class=\"wp-block-buttons is-layout-flex wp-block-buttons-is-layout-flex\">\n<div class=\"wp-block-button is-style-text-display is-style-text-display--4\"><a class=\"wp-block-button__link wp-element-button\" href=\"https:\/\/dev.lbase.software\/en\/retouren-und-ruecksendungsmanagement\/\">LEARN MORE \u2192 <\/a><\/div>\n<\/div>\n<\/div>\n\n\n\n<div class=\"wp-block-group has-global-padding is-layout-constrained wp-container-core-group-is-layout-346627ba wp-block-group-is-layout-constrained\">\n<figure class=\"wp-block-image size-large has-custom-border\"><a href=\"https:\/\/dev.lbase.software\/en\/sicherheits-und-compliance-management\/\"><img loading=\"lazy\" decoding=\"async\" width=\"1024\" height=\"400\" src=\"https:\/\/dev.lbase.software\/wp-content\/uploads\/lbase_website_WMS_standard-quality-control-collage-concept-1024x400.jpg\" alt=\"Compliance Sanktionen lbase Warehouse axians\" class=\"wp-image-1829\" style=\"border-radius:0.5rem\" srcset=\"https:\/\/dev.lbase.software\/wp-content\/uploads\/lbase_website_WMS_standard-quality-control-collage-concept-1024x400.jpg 1024w, https:\/\/dev.lbase.software\/wp-content\/uploads\/lbase_website_WMS_standard-quality-control-collage-concept-300x117.jpg 300w, https:\/\/dev.lbase.software\/wp-content\/uploads\/lbase_website_WMS_standard-quality-control-collage-concept-768x300.jpg 768w, https:\/\/dev.lbase.software\/wp-content\/uploads\/lbase_website_WMS_standard-quality-control-collage-concept-18x7.jpg 18w, https:\/\/dev.lbase.software\/wp-content\/uploads\/lbase_website_WMS_standard-quality-control-collage-concept.jpg 1536w\" sizes=\"auto, (max-width: 1024px) 100vw, 1024px\" \/><\/a><\/figure>\n\n\n\n<div class=\"wp-block-group has-global-padding is-layout-constrained wp-container-core-group-is-layout-19e250f3 wp-block-group-is-layout-constrained\">\n<h3 class=\"wp-block-heading has-large-font-size\" style=\"line-height:1.25\"><a href=\"https:\/\/dev.lbase.software\/en\/sicherheits-und-compliance-management\/\" data-type=\"page\" data-id=\"110\">Security &amp; compliance<\/a><\/h3>\n\n\n\n<p>Unsere Compliance-Software unterst\u00fctzt Sie bei der Einhaltung von Sicherheitsstandards, gesetzlichen Vorschriften und rechtlichen Anforderungen \u2013&nbsp;mit regelm\u00e4\u00dfigen Kontrollen.<\/p>\n<\/div>\n\n\n\n<div class=\"wp-block-buttons is-layout-flex wp-block-buttons-is-layout-flex\">\n<div class=\"wp-block-button is-style-text-display is-style-text-display--5\"><a class=\"wp-block-button__link wp-element-button\" href=\"https:\/\/dev.lbase.software\/en\/sicherheits-und-compliance-management\/\">LEARN MORE \u2192 <\/a><\/div>\n<\/div>\n<\/div>\n\n\n\n<div class=\"wp-block-group has-global-padding is-layout-constrained wp-container-core-group-is-layout-346627ba wp-block-group-is-layout-constrained\">\n<figure class=\"wp-block-image size-large has-custom-border\"><a href=\"https:\/\/dev.lbase.software\/en\/warehouse-datenanalyse\/\"><img loading=\"lazy\" decoding=\"async\" width=\"1024\" height=\"400\" src=\"https:\/\/dev.lbase.software\/wp-content\/uploads\/Warehouse_Datenanalyse_lbase_Wsite_iSt_1435491075-1024x400.jpg\" alt=\"Datenanalyse Bedarfsplanung Warehouse Management lbase Axians\" class=\"wp-image-2563\" style=\"border-radius:0.5rem\" srcset=\"https:\/\/dev.lbase.software\/wp-content\/uploads\/Warehouse_Datenanalyse_lbase_Wsite_iSt_1435491075-1024x400.jpg 1024w, https:\/\/dev.lbase.software\/wp-content\/uploads\/Warehouse_Datenanalyse_lbase_Wsite_iSt_1435491075-300x117.jpg 300w, https:\/\/dev.lbase.software\/wp-content\/uploads\/Warehouse_Datenanalyse_lbase_Wsite_iSt_1435491075-768x300.jpg 768w, https:\/\/dev.lbase.software\/wp-content\/uploads\/Warehouse_Datenanalyse_lbase_Wsite_iSt_1435491075-18x7.jpg 18w, https:\/\/dev.lbase.software\/wp-content\/uploads\/Warehouse_Datenanalyse_lbase_Wsite_iSt_1435491075.jpg 1536w\" sizes=\"auto, (max-width: 1024px) 100vw, 1024px\" \/><\/a><\/figure>\n\n\n\n<div class=\"wp-block-group has-global-padding is-layout-constrained wp-container-core-group-is-layout-19e250f3 wp-block-group-is-layout-constrained\">\n<h3 class=\"wp-block-heading has-large-font-size\" style=\"line-height:1.25\"><a href=\"https:\/\/dev.lbase.software\/en\/warehouse-datenanalyse\/\" data-type=\"page\" data-id=\"112\">Warehouse data analysis<\/a><\/h3>\n\n\n\n<p>Our warehouse optimisation software supports you in data-driven decision-making and demand planning in real time. <\/p>\n<\/div>\n\n\n\n<div class=\"wp-block-buttons is-layout-flex wp-block-buttons-is-layout-flex\">\n<div class=\"wp-block-button is-style-text-display is-style-text-display--6\"><a class=\"wp-block-button__link wp-element-button\" href=\"https:\/\/dev.lbase.software\/en\/warehouse-datenanalyse\/\">LEARN MORE \u2192 <\/a><\/div>\n<\/div>\n<\/div>\n<\/div>","protected":false},"excerpt":{"rendered":"<p>Das Lagermanagement steht zunehmend unter Zeit- und Kostendruck, w\u00e4hrend gleichzeitig Sicherheitsanforderungen und Compliance-Vorgaben erf\u00fcllt werden m\u00fcssen. Unternehmen ben\u00f6tigen Echtzeit-Transparenz \u00fcber Lagerbest\u00e4nde und Warenfl\u00fcsse, um \u00dcberbest\u00e4nde sowie Lagerknappheit durch zuverl\u00e4ssige Prognosen zu vermeiden. Komplexe Auftragsmanagementprozesse wie Kommissionierungen mit Scannern, Pick-by-Systemen oder Multi-Order-Picking erfordern eine pr\u00e4zise Steuerung. Auch die effiziente Abwicklung von Retouren und die Organisation von [&hellip;]<\/p>\n","protected":false},"author":1,"featured_media":2016,"parent":0,"menu_order":0,"comment_status":"closed","ping_status":"closed","template":"","meta":{"_acf_changed":false,"content-type":"","footnotes":""},"categories":[],"tags":[],"class_list":["post-98","page","type-page","status-publish","has-post-thumbnail","hentry"],"acf":[],"_links":{"self":[{"href":"https:\/\/dev.lbase.software\/en\/wp-json\/wp\/v2\/pages\/98","targetHints":{"allow":["GET"]}}],"collection":[{"href":"https:\/\/dev.lbase.software\/en\/wp-json\/wp\/v2\/pages"}],"about":[{"href":"https:\/\/dev.lbase.software\/en\/wp-json\/wp\/v2\/types\/page"}],"author":[{"embeddable":true,"href":"https:\/\/dev.lbase.software\/en\/wp-json\/wp\/v2\/users\/1"}],"replies":[{"embeddable":true,"href":"https:\/\/dev.lbase.software\/en\/wp-json\/wp\/v2\/comments?post=98"}],"version-history":[{"count":45,"href":"https:\/\/dev.lbase.software\/en\/wp-json\/wp\/v2\/pages\/98\/revisions"}],"predecessor-version":[{"id":3125,"href":"https:\/\/dev.lbase.software\/en\/wp-json\/wp\/v2\/pages\/98\/revisions\/3125"}],"wp:featuredmedia":[{"embeddable":true,"href":"https:\/\/dev.lbase.software\/en\/wp-json\/wp\/v2\/media\/2016"}],"wp:attachment":[{"href":"https:\/\/dev.lbase.software\/en\/wp-json\/wp\/v2\/media?parent=98"}],"wp:term":[{"taxonomy":"category","embeddable":true,"href":"https:\/\/dev.lbase.software\/en\/wp-json\/wp\/v2\/categories?post=98"},{"taxonomy":"post_tag","embeddable":true,"href":"https:\/\/dev.lbase.software\/en\/wp-json\/wp\/v2\/tags?post=98"}],"curies":[{"name":"wp","href":"https:\/\/api.w.org\/{rel}","templated":true}]}}