{"id":564,"date":"2024-11-04T13:24:22","date_gmt":"2024-11-04T13:24:22","guid":{"rendered":"https:\/\/test.lbase.software\/?page_id=564"},"modified":"2025-08-01T14:43:42","modified_gmt":"2025-08-01T14:43:42","slug":"team","status":"publish","type":"page","link":"https:\/\/dev.lbase.software\/en\/team\/","title":{"rendered":"Team"},"content":{"rendered":"<div class=\"wp-block-cover alignfull is-style-default has-base-color has-text-color has-link-color wp-elements-656a50c16570b5a34249f231d8675c19\" style=\"padding-top:var(--wp--preset--spacing--80);padding-bottom:var(--wp--preset--spacing--80);min-height:25vw;aspect-ratio:unset;\"><span aria-hidden=\"true\" class=\"wp-block-cover__background has-fifth-background-color has-background-dim\"><\/span><img loading=\"lazy\" decoding=\"async\" width=\"1536\" height=\"600\" src=\"https:\/\/dev.lbase.software\/wp-content\/uploads\/Team_lbaseWSite_Axians-0062.jpg\" class=\"wp-block-cover__image-background wp-post-image\" alt=\"Team Management lbase Axians\" data-object-fit=\"cover\" srcset=\"https:\/\/dev.lbase.software\/wp-content\/uploads\/Team_lbaseWSite_Axians-0062.jpg 1536w, https:\/\/dev.lbase.software\/wp-content\/uploads\/Team_lbaseWSite_Axians-0062-300x117.jpg 300w, https:\/\/dev.lbase.software\/wp-content\/uploads\/Team_lbaseWSite_Axians-0062-1024x400.jpg 1024w, https:\/\/dev.lbase.software\/wp-content\/uploads\/Team_lbaseWSite_Axians-0062-768x300.jpg 768w, https:\/\/dev.lbase.software\/wp-content\/uploads\/Team_lbaseWSite_Axians-0062-18x7.jpg 18w\" sizes=\"auto, (max-width: 1536px) 100vw, 1536px\" \/><div class=\"wp-block-cover__inner-container is-layout-flow wp-block-cover-is-layout-flow\">\n<h1 class=\"wp-block-heading has-text-align-center has-base-color has-text-color has-link-color wp-elements-4d85db91c78995aaf20bc4ef200ba166\" id=\"h-unser-management\">Our management<\/h1>\n<\/div><\/div>\n\n\n\n<div class=\"wp-block-group has-global-padding is-layout-constrained wp-container-core-group-is-layout-2cb48cf1 wp-block-group-is-layout-constrained\" style=\"margin-top:var(--wp--preset--spacing--80);margin-bottom:var(--wp--preset--spacing--80)\">\n<p class=\"has-large-font-size\">These people are committed to our customers on a daily basis. From the latest developments in our software solutions to managing relationships with our eco-partners, we do everything we can to provide you with the best solution.<\/p>\n\n\n\n<div class=\"wp-block-group is-layout-grid wp-container-core-group-is-layout-c765d3c1 wp-block-group-is-layout-grid\">\n<div class=\"wp-block-group has-global-padding is-layout-constrained wp-container-core-group-is-layout-92b9201d wp-block-group-is-layout-constrained\">\n<figure class=\"wp-block-image size-large has-custom-border\"><img loading=\"lazy\" decoding=\"async\" width=\"1024\" height=\"681\" src=\"https:\/\/dev.lbase.software\/wp-content\/uploads\/Marcus-Eiser-scaled-1-1024x681.jpg\" alt=\"\" class=\"wp-image-918\" style=\"border-radius:0.5rem\" srcset=\"https:\/\/dev.lbase.software\/wp-content\/uploads\/Marcus-Eiser-scaled-1-1024x681.jpg 1024w, https:\/\/dev.lbase.software\/wp-content\/uploads\/Marcus-Eiser-scaled-1-300x200.jpg 300w, https:\/\/dev.lbase.software\/wp-content\/uploads\/Marcus-Eiser-scaled-1-768x511.jpg 768w, https:\/\/dev.lbase.software\/wp-content\/uploads\/Marcus-Eiser-scaled-1-1536x1022.jpg 1536w, https:\/\/dev.lbase.software\/wp-content\/uploads\/Marcus-Eiser-scaled-1-2048x1362.jpg 2048w, https:\/\/dev.lbase.software\/wp-content\/uploads\/Marcus-Eiser-scaled-1-18x12.jpg 18w\" sizes=\"auto, (max-width: 1024px) 100vw, 1024px\" \/><\/figure>\n\n\n\n<div class=\"wp-block-group has-global-padding is-layout-constrained wp-container-core-group-is-layout-19e250f3 wp-block-group-is-layout-constrained\">\n<h3 class=\"wp-block-heading has-primary-color has-text-color has-link-color has-large-font-size wp-elements-32d4deb62fdaa8a073324863369674ef\" id=\"h-marcus-eiser\">Marcus Eiser<\/h3>\n\n\n\n<h3 class=\"wp-block-heading has-secondary-color has-text-color has-link-color has-small-font-size wp-elements-110672db2f61355acc7415ddd6fbec3e\" id=\"h-general-manager-business-unit\">General Manager Business Unit<\/h3>\n<\/div>\n\n\n\n<blockquote class=\"wp-block-quote is-layout-flow wp-block-quote-is-layout-flow\">\n<p>\"Our pioneering strategies and innovations sustainably improve your business processes.\"<\/p>\n<\/blockquote>\n<\/div>\n\n\n\n<div class=\"wp-block-group has-global-padding is-layout-constrained wp-container-core-group-is-layout-92b9201d wp-block-group-is-layout-constrained\">\n<figure class=\"wp-block-image size-large has-custom-border\"><img loading=\"lazy\" decoding=\"async\" width=\"1024\" height=\"682\" src=\"https:\/\/dev.lbase.software\/wp-content\/uploads\/Clemens-Wodak-1980x1318-1-1024x682.jpg\" alt=\"\" class=\"wp-image-920\" style=\"border-radius:0.5rem\" srcset=\"https:\/\/dev.lbase.software\/wp-content\/uploads\/Clemens-Wodak-1980x1318-1-1024x682.jpg 1024w, https:\/\/dev.lbase.software\/wp-content\/uploads\/Clemens-Wodak-1980x1318-1-300x200.jpg 300w, https:\/\/dev.lbase.software\/wp-content\/uploads\/Clemens-Wodak-1980x1318-1-768x511.jpg 768w, https:\/\/dev.lbase.software\/wp-content\/uploads\/Clemens-Wodak-1980x1318-1-1536x1022.jpg 1536w, https:\/\/dev.lbase.software\/wp-content\/uploads\/Clemens-Wodak-1980x1318-1-18x12.jpg 18w, https:\/\/dev.lbase.software\/wp-content\/uploads\/Clemens-Wodak-1980x1318-1.jpg 1980w\" sizes=\"auto, (max-width: 1024px) 100vw, 1024px\" \/><\/figure>\n\n\n\n<div class=\"wp-block-group has-global-padding is-layout-constrained wp-container-core-group-is-layout-19e250f3 wp-block-group-is-layout-constrained\">\n<h3 class=\"wp-block-heading has-primary-color has-text-color has-link-color has-large-font-size wp-elements-e96b4521dd8d031ab173bd57076d0abc\" id=\"h-clemens-wodak\">Clemens Wodak<\/h3>\n\n\n\n<h4 class=\"wp-block-heading has-secondary-color has-text-color has-link-color has-small-font-size wp-elements-156a4073784cded36da380aa797e50a3\" id=\"h-deputy-general-manager-business-unit\">Deputy General Manager Business Unit<\/h4>\n<\/div>\n\n\n\n<blockquote class=\"wp-block-quote is-layout-flow wp-block-quote-is-layout-flow\">\n<p>\"By combining efficient processes, sustainable strategies and technical and legal expertise, we ensure your future-proof success.\"<\/p>\n<\/blockquote>\n<\/div>\n\n\n\n<div class=\"wp-block-group has-global-padding is-layout-constrained wp-container-core-group-is-layout-92b9201d wp-block-group-is-layout-constrained\">\n<figure class=\"wp-block-image size-large has-custom-border\"><img loading=\"lazy\" decoding=\"async\" width=\"1024\" height=\"682\" src=\"https:\/\/dev.lbase.software\/wp-content\/uploads\/Claus-Vogelmann-1980x1318-1-1024x682.jpg\" alt=\"\" class=\"wp-image-921\" style=\"border-radius:0.5rem\" srcset=\"https:\/\/dev.lbase.software\/wp-content\/uploads\/Claus-Vogelmann-1980x1318-1-1024x682.jpg 1024w, https:\/\/dev.lbase.software\/wp-content\/uploads\/Claus-Vogelmann-1980x1318-1-300x200.jpg 300w, https:\/\/dev.lbase.software\/wp-content\/uploads\/Claus-Vogelmann-1980x1318-1-768x511.jpg 768w, https:\/\/dev.lbase.software\/wp-content\/uploads\/Claus-Vogelmann-1980x1318-1-1536x1022.jpg 1536w, https:\/\/dev.lbase.software\/wp-content\/uploads\/Claus-Vogelmann-1980x1318-1-18x12.jpg 18w, https:\/\/dev.lbase.software\/wp-content\/uploads\/Claus-Vogelmann-1980x1318-1.jpg 1980w\" sizes=\"auto, (max-width: 1024px) 100vw, 1024px\" \/><\/figure>\n\n\n\n<div class=\"wp-block-group has-global-padding is-layout-constrained wp-container-core-group-is-layout-19e250f3 wp-block-group-is-layout-constrained\">\n<h3 class=\"wp-block-heading has-primary-color has-text-color has-link-color has-large-font-size wp-elements-22c8a58bdc43af56696ddd836bd8ea99\" id=\"h-claus-vogelmann\">Claus Vogelmann<\/h3>\n\n\n\n<h4 class=\"wp-block-heading has-secondary-color has-text-color has-link-color has-small-font-size wp-elements-350af41ba0232ccfc59c9be1f53907e7\" id=\"h-strategic-development-manager\">Strategic Development Manager<\/h4>\n<\/div>\n\n\n\n<blockquote class=\"wp-block-quote is-layout-flow wp-block-quote-is-layout-flow\">\n<p>\"With lbase, you are always a lorry's length ahead of the competition.\"<\/p>\n<\/blockquote>\n<\/div>\n\n\n\n<div class=\"wp-block-group has-global-padding is-layout-constrained wp-container-core-group-is-layout-92b9201d wp-block-group-is-layout-constrained\">\n<figure class=\"wp-block-image size-large has-custom-border\"><img loading=\"lazy\" decoding=\"async\" width=\"1024\" height=\"682\" src=\"https:\/\/dev.lbase.software\/wp-content\/uploads\/Daniela-Bereiter-1980x1318-1-1024x682.jpg\" alt=\"\" class=\"wp-image-922\" style=\"border-radius:0.5rem\" srcset=\"https:\/\/dev.lbase.software\/wp-content\/uploads\/Daniela-Bereiter-1980x1318-1-1024x682.jpg 1024w, https:\/\/dev.lbase.software\/wp-content\/uploads\/Daniela-Bereiter-1980x1318-1-300x200.jpg 300w, https:\/\/dev.lbase.software\/wp-content\/uploads\/Daniela-Bereiter-1980x1318-1-768x511.jpg 768w, https:\/\/dev.lbase.software\/wp-content\/uploads\/Daniela-Bereiter-1980x1318-1-1536x1022.jpg 1536w, https:\/\/dev.lbase.software\/wp-content\/uploads\/Daniela-Bereiter-1980x1318-1-18x12.jpg 18w, https:\/\/dev.lbase.software\/wp-content\/uploads\/Daniela-Bereiter-1980x1318-1.jpg 1980w\" sizes=\"auto, (max-width: 1024px) 100vw, 1024px\" \/><\/figure>\n\n\n\n<div class=\"wp-block-group has-global-padding is-layout-constrained wp-container-core-group-is-layout-19e250f3 wp-block-group-is-layout-constrained\">\n<h3 class=\"wp-block-heading has-primary-color has-text-color has-link-color has-large-font-size wp-elements-0055f432a606180193f81a066cb27794\" id=\"h-daniela-bereiter\">Daniela Bereiter<\/h3>\n\n\n\n<h4 class=\"wp-block-heading has-secondary-color has-text-color has-link-color has-small-font-size wp-elements-79b30b2294a105cf3a6f336dd677217c\" id=\"h-head-of-lbase-products\">Head of lbase Products<\/h4>\n<\/div>\n\n\n\n<blockquote class=\"wp-block-quote is-layout-flow wp-block-quote-is-layout-flow\">\n<p>\"With innovative and flexible products, we are driving digitalisation and sparking enthusiasm.\"<\/p>\n<\/blockquote>\n<\/div>\n\n\n\n<div class=\"wp-block-group has-global-padding is-layout-constrained wp-container-core-group-is-layout-92b9201d wp-block-group-is-layout-constrained\">\n<figure class=\"wp-block-image size-large has-custom-border\"><img loading=\"lazy\" decoding=\"async\" width=\"1024\" height=\"681\" src=\"https:\/\/dev.lbase.software\/wp-content\/uploads\/Marlies_Portrait-1024x681.jpg\" alt=\"Marlies M\u00e4nnersdorfer Head of Product Management Team Axians lbase\" class=\"wp-image-1822\" style=\"border-radius:0.5rem\" srcset=\"https:\/\/dev.lbase.software\/wp-content\/uploads\/Marlies_Portrait-1024x681.jpg 1024w, https:\/\/dev.lbase.software\/wp-content\/uploads\/Marlies_Portrait-300x200.jpg 300w, https:\/\/dev.lbase.software\/wp-content\/uploads\/Marlies_Portrait-768x511.jpg 768w, https:\/\/dev.lbase.software\/wp-content\/uploads\/Marlies_Portrait-1536x1022.jpg 1536w, https:\/\/dev.lbase.software\/wp-content\/uploads\/Marlies_Portrait-2048x1363.jpg 2048w, https:\/\/dev.lbase.software\/wp-content\/uploads\/Marlies_Portrait-18x12.jpg 18w\" sizes=\"auto, (max-width: 1024px) 100vw, 1024px\" \/><\/figure>\n\n\n\n<div class=\"wp-block-group has-global-padding is-layout-constrained wp-container-core-group-is-layout-19e250f3 wp-block-group-is-layout-constrained\">\n<h3 class=\"wp-block-heading has-primary-color has-text-color has-link-color has-large-font-size wp-elements-3f88b26fdf6ecedbb718f7364560b783\" id=\"h-marlies-maennersdorfer\">Marlies Maennersdorfer<\/h3>\n\n\n\n<h4 class=\"wp-block-heading has-secondary-color has-text-color has-link-color has-small-font-size wp-elements-13a192ed0427e850c3d4026c088c33c6\" id=\"h-head-of-product-management\">Head of Product Management<\/h4>\n<\/div>\n\n\n\n<blockquote class=\"wp-block-quote is-layout-flow wp-block-quote-is-layout-flow\">\n<p>\"With creative innovations and continuous further development of our products, we offer you future-proof solutions that drive your success!\"<\/p>\n<\/blockquote>\n<\/div>\n\n\n\n<div class=\"wp-block-group has-global-padding is-layout-constrained wp-container-core-group-is-layout-92b9201d wp-block-group-is-layout-constrained\">\n<figure class=\"wp-block-image size-large has-custom-border\"><img loading=\"lazy\" decoding=\"async\" width=\"1024\" height=\"682\" src=\"https:\/\/dev.lbase.software\/wp-content\/uploads\/Christian_Oesterle-1980x1318-1-1024x682.jpg\" alt=\"\" class=\"wp-image-924\" style=\"border-radius:0.5rem\" srcset=\"https:\/\/dev.lbase.software\/wp-content\/uploads\/Christian_Oesterle-1980x1318-1-1024x682.jpg 1024w, https:\/\/dev.lbase.software\/wp-content\/uploads\/Christian_Oesterle-1980x1318-1-300x200.jpg 300w, https:\/\/dev.lbase.software\/wp-content\/uploads\/Christian_Oesterle-1980x1318-1-768x511.jpg 768w, https:\/\/dev.lbase.software\/wp-content\/uploads\/Christian_Oesterle-1980x1318-1-1536x1022.jpg 1536w, https:\/\/dev.lbase.software\/wp-content\/uploads\/Christian_Oesterle-1980x1318-1-18x12.jpg 18w, https:\/\/dev.lbase.software\/wp-content\/uploads\/Christian_Oesterle-1980x1318-1.jpg 1980w\" sizes=\"auto, (max-width: 1024px) 100vw, 1024px\" \/><\/figure>\n\n\n\n<div class=\"wp-block-group has-global-padding is-layout-constrained wp-container-core-group-is-layout-19e250f3 wp-block-group-is-layout-constrained\">\n<h3 class=\"wp-block-heading has-primary-color has-text-color has-link-color has-large-font-size wp-elements-079ea56cfa69d22a3d34f9670e1f9c52\" id=\"h-christian-osterle\">Christian \u00d6sterle<\/h3>\n\n\n\n<h4 class=\"wp-block-heading has-secondary-color has-text-color has-link-color has-small-font-size wp-elements-73f681d8ee38ec23c52bdcfff429fb08\" id=\"h-head-of-addhelix-products\">Head of addHelix Products<\/h4>\n<\/div>\n\n\n\n<blockquote class=\"wp-block-quote is-layout-flow wp-block-quote-is-layout-flow\">\n<p>\"Our innovative cloud applications and web services take your existing software products to a whole new level.\"<\/p>\n<\/blockquote>\n<\/div>\n\n\n\n<div class=\"wp-block-group has-global-padding is-layout-constrained wp-container-core-group-is-layout-92b9201d wp-block-group-is-layout-constrained\">\n<figure class=\"wp-block-image size-large has-custom-border\"><img loading=\"lazy\" decoding=\"async\" width=\"1024\" height=\"681\" src=\"https:\/\/dev.lbase.software\/wp-content\/uploads\/Marc_Portrait-1024x681.jpg\" alt=\"Marc Praschberger Head of Projects Team Axians lbase\" class=\"wp-image-1823\" style=\"border-radius:0.5rem\" srcset=\"https:\/\/dev.lbase.software\/wp-content\/uploads\/Marc_Portrait-1024x681.jpg 1024w, https:\/\/dev.lbase.software\/wp-content\/uploads\/Marc_Portrait-300x200.jpg 300w, https:\/\/dev.lbase.software\/wp-content\/uploads\/Marc_Portrait-768x511.jpg 768w, https:\/\/dev.lbase.software\/wp-content\/uploads\/Marc_Portrait-1536x1022.jpg 1536w, https:\/\/dev.lbase.software\/wp-content\/uploads\/Marc_Portrait-2048x1363.jpg 2048w, https:\/\/dev.lbase.software\/wp-content\/uploads\/Marc_Portrait-18x12.jpg 18w\" sizes=\"auto, (max-width: 1024px) 100vw, 1024px\" \/><\/figure>\n\n\n\n<div class=\"wp-block-group has-global-padding is-layout-constrained wp-container-core-group-is-layout-19e250f3 wp-block-group-is-layout-constrained\">\n<h3 class=\"wp-block-heading has-primary-color has-text-color has-link-color has-large-font-size wp-elements-c388fdecc8fc7ad71210f84846b8b8b7\" id=\"h-marc-praschberger\">Marc Praschberger<\/h3>\n\n\n\n<h4 class=\"wp-block-heading has-secondary-color has-text-color has-link-color has-small-font-size wp-elements-eaf46474de37e77abe7f70f4dba186ca\" id=\"h-head-of-projects\">Head of Projects<\/h4>\n<\/div>\n\n\n\n<blockquote class=\"wp-block-quote is-layout-flow wp-block-quote-is-layout-flow\">\n<p>\"Through close collaboration and sound advice, we ensure that our projects are the key to a successful and long-term partnership.\"<\/p>\n<\/blockquote>\n<\/div>\n\n\n\n<div class=\"wp-block-group has-global-padding is-layout-constrained wp-container-core-group-is-layout-92b9201d wp-block-group-is-layout-constrained\">\n<figure class=\"wp-block-image size-large has-custom-border\"><img loading=\"lazy\" decoding=\"async\" width=\"1024\" height=\"681\" src=\"https:\/\/dev.lbase.software\/wp-content\/uploads\/Tobias_Team_Juli2025_Website_2560x1703-1024x681.jpg\" alt=\"Tobias H\u00e4ssler Head of Sales Axians ICT Austria \" class=\"wp-image-4233\" style=\"border-radius:0.5rem\" srcset=\"https:\/\/dev.lbase.software\/wp-content\/uploads\/Tobias_Team_Juli2025_Website_2560x1703-1024x681.jpg 1024w, https:\/\/dev.lbase.software\/wp-content\/uploads\/Tobias_Team_Juli2025_Website_2560x1703-300x200.jpg 300w, https:\/\/dev.lbase.software\/wp-content\/uploads\/Tobias_Team_Juli2025_Website_2560x1703-768x511.jpg 768w, https:\/\/dev.lbase.software\/wp-content\/uploads\/Tobias_Team_Juli2025_Website_2560x1703-1536x1022.jpg 1536w, https:\/\/dev.lbase.software\/wp-content\/uploads\/Tobias_Team_Juli2025_Website_2560x1703-2048x1362.jpg 2048w, https:\/\/dev.lbase.software\/wp-content\/uploads\/Tobias_Team_Juli2025_Website_2560x1703-18x12.jpg 18w\" sizes=\"auto, (max-width: 1024px) 100vw, 1024px\" \/><\/figure>\n\n\n\n<div class=\"wp-block-group has-global-padding is-layout-constrained wp-container-core-group-is-layout-19e250f3 wp-block-group-is-layout-constrained\">\n<h3 class=\"wp-block-heading has-primary-color has-text-color has-link-color has-large-font-size wp-elements-b483c088e78838f5a48de922525c3162\" id=\"h-tobias-hassler\">Tobias H\u00e4ssler<\/h3>\n\n\n\n<h4 class=\"wp-block-heading has-secondary-color has-text-color has-link-color has-small-font-size wp-elements-0b7a208c3cf1d25265f4144aefcb64cf\" id=\"h-head-of-sales\">Head of Sales<\/h4>\n<\/div>\n\n\n\n<blockquote class=\"wp-block-quote is-layout-flow wp-block-quote-is-layout-flow\">\n<p>\"We combine innovation with practice - because we know that digital logistics is only convincing if it makes companies more efficient and makes everyday life noticeably easier.\"<\/p>\n<\/blockquote>\n<\/div>\n<\/div>\n<\/div>","protected":false},"excerpt":{"rendered":"<p>Diese Menschen setzen sich tagt\u00e4glichen f\u00fcr unsere Kunden ein. Von den neuesten Weiterentwicklungen unserer Softwarel\u00f6sungen bis zur Betreuung der Beziehungen zu unseren Eco-Partnern: Wir setzen alles daran, um Ihnen die beste L\u00f6sung zu liefern. Marcus Eiser General Manager Business Unit &#8222;Unsere richtungsweisenden Strategien und Innovationen verbessern nachhaltig Ihre Gesch\u00e4ftsprozesse.&#8220; Clemens Wodak Deputy General Manager Business [&hellip;]<\/p>\n","protected":false},"author":1,"featured_media":3369,"parent":0,"menu_order":0,"comment_status":"closed","ping_status":"closed","template":"","meta":{"_acf_changed":false,"content-type":"","footnotes":""},"categories":[],"tags":[],"class_list":["post-564","page","type-page","status-publish","has-post-thumbnail","hentry"],"acf":[],"_links":{"self":[{"href":"https:\/\/dev.lbase.software\/en\/wp-json\/wp\/v2\/pages\/564","targetHints":{"allow":["GET"]}}],"collection":[{"href":"https:\/\/dev.lbase.software\/en\/wp-json\/wp\/v2\/pages"}],"about":[{"href":"https:\/\/dev.lbase.software\/en\/wp-json\/wp\/v2\/types\/page"}],"author":[{"embeddable":true,"href":"https:\/\/dev.lbase.software\/en\/wp-json\/wp\/v2\/users\/1"}],"replies":[{"embeddable":true,"href":"https:\/\/dev.lbase.software\/en\/wp-json\/wp\/v2\/comments?post=564"}],"version-history":[{"count":29,"href":"https:\/\/dev.lbase.software\/en\/wp-json\/wp\/v2\/pages\/564\/revisions"}],"predecessor-version":[{"id":4234,"href":"https:\/\/dev.lbase.software\/en\/wp-json\/wp\/v2\/pages\/564\/revisions\/4234"}],"wp:featuredmedia":[{"embeddable":true,"href":"https:\/\/dev.lbase.software\/en\/wp-json\/wp\/v2\/media\/3369"}],"wp:attachment":[{"href":"https:\/\/dev.lbase.software\/en\/wp-json\/wp\/v2\/media?parent=564"}],"wp:term":[{"taxonomy":"category","embeddable":true,"href":"https:\/\/dev.lbase.software\/en\/wp-json\/wp\/v2\/categories?post=564"},{"taxonomy":"post_tag","embeddable":true,"href":"https:\/\/dev.lbase.software\/en\/wp-json\/wp\/v2\/tags?post=564"}],"curies":[{"name":"wp","href":"https:\/\/api.w.org\/{rel}","templated":true}]}}