{"id":112,"date":"2024-10-21T09:45:09","date_gmt":"2024-10-21T09:45:09","guid":{"rendered":"https:\/\/test.lbase.software\/?page_id=112"},"modified":"2025-02-21T21:49:40","modified_gmt":"2025-02-21T21:49:40","slug":"warehouse-datenanalyse","status":"publish","type":"page","link":"https:\/\/dev.lbase.software\/en\/warehouse-datenanalyse\/","title":{"rendered":"Warehouse data analysis"},"content":{"rendered":"<div class=\"wp-block-cover alignfull is-style-default has-base-color has-text-color has-link-color wp-elements-543ad394b9ab368106344919fac3bc4b\" style=\"padding-top:var(--wp--preset--spacing--80);padding-bottom:var(--wp--preset--spacing--80);min-height:25vw;aspect-ratio:unset;\"><span aria-hidden=\"true\" class=\"wp-block-cover__background has-contrast-background-color has-background-dim\"><\/span><img loading=\"lazy\" decoding=\"async\" width=\"1536\" height=\"600\" src=\"https:\/\/dev.lbase.software\/wp-content\/uploads\/Warehouse_Datenanalyse_lbase_Wsite_iSt_1435491075.jpg\" class=\"wp-block-cover__image-background wp-post-image\" alt=\"Datenanalyse Bedarfsplanung Warehouse Management lbase Axians\" data-object-fit=\"cover\" srcset=\"https:\/\/dev.lbase.software\/wp-content\/uploads\/Warehouse_Datenanalyse_lbase_Wsite_iSt_1435491075.jpg 1536w, https:\/\/dev.lbase.software\/wp-content\/uploads\/Warehouse_Datenanalyse_lbase_Wsite_iSt_1435491075-300x117.jpg 300w, https:\/\/dev.lbase.software\/wp-content\/uploads\/Warehouse_Datenanalyse_lbase_Wsite_iSt_1435491075-1024x400.jpg 1024w, https:\/\/dev.lbase.software\/wp-content\/uploads\/Warehouse_Datenanalyse_lbase_Wsite_iSt_1435491075-768x300.jpg 768w, https:\/\/dev.lbase.software\/wp-content\/uploads\/Warehouse_Datenanalyse_lbase_Wsite_iSt_1435491075-18x7.jpg 18w\" sizes=\"auto, (max-width: 1536px) 100vw, 1536px\" \/><div class=\"wp-block-cover__inner-container is-layout-flow wp-block-cover-is-layout-flow\"><h2 class=\"has-text-align-center has-link-color wp-elements-6185a3863d3d479784602f2f05360429 wp-block-post-title has-text-color has-base-color\">Warehouse data analysis<\/h2><\/div><\/div>\n\n\n\n<div class=\"wp-block-group alignfull has-global-padding is-layout-constrained wp-container-core-group-is-layout-2cb48cf1 wp-block-group-is-layout-constrained has-background\" style=\"margin-top:var(--wp--preset--spacing--80);margin-bottom:var(--wp--preset--spacing--80);background-image:url(&apos;https:\/\/dev.lbase.software\/wp-content\/uploads\/Helix.png&apos;);background-position:0% 50%;background-repeat:no-repeat;background-size:contain;\">\n<p class=\"has-large-font-size\">Our software for warehouse data analysis supports you in data-based decision-making and demand planning - in real time. With the help of intelligent mathematical forecasts and the utilisation of real-time information, you can make well-founded decisions. The continuous analysis of stock levels, sales data, goods orders and shipping figures optimises your demand planning and prevents both bottlenecks and excess stock.&nbsp;<\/p>\n\n\n\n<div class=\"wp-block-group is-layout-grid wp-container-core-group-is-layout-bec8567f wp-block-group-is-layout-grid\">\n<div class=\"wp-block-group has-global-padding is-layout-constrained wp-block-group-is-layout-constrained\">\n<h2 class=\"wp-block-heading has-large-font-size\" id=\"h-ihre-herausforderung-nbsp\"><strong>Your challenge<\/strong>&nbsp;<\/h2>\n\n\n\n<p>Well-founded decisions are only possible if all the relevant facts are available. You need a centralised overview of your data, a reliable analysis and demand planning based on this in order to be able to react flexibly to challenges.&nbsp;<\/p>\n<\/div>\n\n\n\n<div class=\"wp-block-group has-global-padding is-layout-constrained wp-block-group-is-layout-constrained\">\n<h2 class=\"wp-block-heading has-large-font-size\" id=\"h-unsere-losung-nbsp\"><strong>Our solution<\/strong>&nbsp;<\/h2>\n\n\n\n<p>Our software for warehouse data analysis combines all relevant data in one place and offers you not only precise forecasts, but also actionable recommendations for optimised warehouse management.&nbsp;<\/p>\n<\/div>\n\n\n\n<div class=\"wp-block-group has-global-padding is-layout-constrained wp-block-group-is-layout-constrained\">\n<h2 class=\"wp-block-heading has-large-font-size\" id=\"h-die-zukunftsaussichten-nbsp\"><strong>The future prospects<\/strong>&nbsp;<\/h2>\n\n\n\n<p>Future technologies such as AI and IoT will enable even more efficient data analyses and optimise decision-making processes through faster and more precise forecasts. This means you are also ideally prepared for new requirements.&nbsp;<\/p>\n<\/div>\n<\/div>\n<\/div>\n\n\n\n<div class=\"wp-block-group alignfull has-white-color has-text-color has-background has-x-large-font-size is-layout-flow wp-block-group-is-layout-flow\" style=\"background:linear-gradient(224deg,rgb(65,192,240) 0%,rgb(162,0,103) 100%);padding-top:var(--wp--preset--spacing--60);padding-right:var(--wp--preset--spacing--60);padding-bottom:var(--wp--preset--spacing--60);padding-left:var(--wp--preset--spacing--60)\">\n<div class=\"wp-block-group has-global-padding is-layout-constrained wp-block-group-is-layout-constrained\">\n<div class=\"wp-block-columns is-layout-flex wp-container-core-columns-is-layout-f24b2f23 wp-block-columns-is-layout-flex\" style=\"padding-top:var(--wp--preset--spacing--80);padding-bottom:var(--wp--preset--spacing--80)\">\n<div class=\"wp-block-column is-layout-flow wp-container-core-column-is-layout-f751d6c2 wp-block-column-is-layout-flow\" style=\"flex-basis:75%\">\n<div class=\"wp-block-group is-vertical is-layout-flex wp-container-core-group-is-layout-cd86aea5 wp-block-group-is-layout-flex\">\n<p>Use your data to make fact-based decisions. With our software, you have all the information at a glance and receive targeted forecasts for better and more efficient warehouse planning.&nbsp;<\/p>\n\n\n\n<div class=\"wp-block-buttons is-layout-flex wp-block-buttons-is-layout-flex\">\n<div class=\"wp-block-button is-style-fill\"><a class=\"wp-block-button__link has-secondary-color has-white-background-color has-text-color has-background has-link-color wp-element-button\" href=\"https:\/\/dev.lbase.software\/en\/kontakt\/\" style=\"border-style:none;border-width:0px\">CONTACT US<\/a><\/div>\n<\/div>\n<\/div>\n<\/div>\n\n\n\n<div class=\"wp-block-column is-layout-flow wp-block-column-is-layout-flow\" style=\"flex-basis:25%\">\n<div style=\"height:49px\" aria-hidden=\"true\" class=\"wp-block-spacer\"><\/div>\n<\/div>\n<\/div>\n<\/div>\n<\/div>","protected":false},"excerpt":{"rendered":"<p>Unsere Software f\u00fcr die Warehouse-Datenanalyse unterst\u00fctzt Sie bei der datenbasierten Entscheidungsfindung und Bedarfsplanung \u2013 und das in Echtzeit. Mithilfe intelligenter mathematischer Prognosen und der Nutzung von Echtzeitinformationen treffen Sie fundierte Entscheidungen. Die kontinuierliche Analyse von Lagerbest\u00e4nden, Verkaufsdaten, Warenbestellungen und Versandzahlen optimiert Ihre Bedarfsplanung und verhindert sowohl Engp\u00e4sse als auch \u00dcberbest\u00e4nde.&nbsp; Ihre Herausforderung&nbsp; Fundierte Entscheidungen sind [&hellip;]<\/p>\n","protected":false},"author":1,"featured_media":2563,"parent":0,"menu_order":0,"comment_status":"closed","ping_status":"closed","template":"","meta":{"_acf_changed":false,"content-type":"","footnotes":""},"categories":[],"tags":[],"class_list":["post-112","page","type-page","status-publish","has-post-thumbnail","hentry"],"acf":[],"_links":{"self":[{"href":"https:\/\/dev.lbase.software\/en\/wp-json\/wp\/v2\/pages\/112","targetHints":{"allow":["GET"]}}],"collection":[{"href":"https:\/\/dev.lbase.software\/en\/wp-json\/wp\/v2\/pages"}],"about":[{"href":"https:\/\/dev.lbase.software\/en\/wp-json\/wp\/v2\/types\/page"}],"author":[{"embeddable":true,"href":"https:\/\/dev.lbase.software\/en\/wp-json\/wp\/v2\/users\/1"}],"replies":[{"embeddable":true,"href":"https:\/\/dev.lbase.software\/en\/wp-json\/wp\/v2\/comments?post=112"}],"version-history":[{"count":12,"href":"https:\/\/dev.lbase.software\/en\/wp-json\/wp\/v2\/pages\/112\/revisions"}],"predecessor-version":[{"id":3514,"href":"https:\/\/dev.lbase.software\/en\/wp-json\/wp\/v2\/pages\/112\/revisions\/3514"}],"wp:featuredmedia":[{"embeddable":true,"href":"https:\/\/dev.lbase.software\/en\/wp-json\/wp\/v2\/media\/2563"}],"wp:attachment":[{"href":"https:\/\/dev.lbase.software\/en\/wp-json\/wp\/v2\/media?parent=112"}],"wp:term":[{"taxonomy":"category","embeddable":true,"href":"https:\/\/dev.lbase.software\/en\/wp-json\/wp\/v2\/categories?post=112"},{"taxonomy":"post_tag","embeddable":true,"href":"https:\/\/dev.lbase.software\/en\/wp-json\/wp\/v2\/tags?post=112"}],"curies":[{"name":"wp","href":"https:\/\/api.w.org\/{rel}","templated":true}]}}