{"id":108,"date":"2024-10-21T09:44:39","date_gmt":"2024-10-21T09:44:39","guid":{"rendered":"https:\/\/test.lbase.software\/?page_id=108"},"modified":"2025-02-21T21:41:25","modified_gmt":"2025-02-21T21:41:25","slug":"retouren-und-ruecksendungsmanagement","status":"publish","type":"page","link":"https:\/\/dev.lbase.software\/en\/retouren-und-ruecksendungsmanagement\/","title":{"rendered":"Returns management\u00a0"},"content":{"rendered":"<div class=\"wp-block-cover alignfull is-style-default has-base-color has-text-color has-link-color wp-elements-543ad394b9ab368106344919fac3bc4b\" style=\"padding-top:var(--wp--preset--spacing--80);padding-bottom:var(--wp--preset--spacing--80);min-height:25vw;aspect-ratio:unset;\"><span aria-hidden=\"true\" class=\"wp-block-cover__background has-contrast-background-color has-background-dim\"><\/span><img loading=\"lazy\" decoding=\"async\" width=\"1536\" height=\"600\" src=\"https:\/\/dev.lbase.software\/wp-content\/uploads\/Retouren_WMS_lbaseWSite_iSt_1496036245.jpg\" class=\"wp-block-cover__image-background wp-post-image\" alt=\"Warehouse Retouren Management R\u00fccksendungen lbase Axians\" data-object-fit=\"cover\" srcset=\"https:\/\/dev.lbase.software\/wp-content\/uploads\/Retouren_WMS_lbaseWSite_iSt_1496036245.jpg 1536w, https:\/\/dev.lbase.software\/wp-content\/uploads\/Retouren_WMS_lbaseWSite_iSt_1496036245-300x117.jpg 300w, https:\/\/dev.lbase.software\/wp-content\/uploads\/Retouren_WMS_lbaseWSite_iSt_1496036245-1024x400.jpg 1024w, https:\/\/dev.lbase.software\/wp-content\/uploads\/Retouren_WMS_lbaseWSite_iSt_1496036245-768x300.jpg 768w, https:\/\/dev.lbase.software\/wp-content\/uploads\/Retouren_WMS_lbaseWSite_iSt_1496036245-18x7.jpg 18w\" sizes=\"auto, (max-width: 1536px) 100vw, 1536px\" \/><div class=\"wp-block-cover__inner-container is-layout-flow wp-block-cover-is-layout-flow\"><h2 class=\"has-text-align-center has-link-color wp-elements-6185a3863d3d479784602f2f05360429 wp-block-post-title has-text-color has-base-color\">Returns management\u00a0<\/h2><\/div><\/div>\n\n\n\n<div class=\"wp-block-group alignfull has-global-padding is-layout-constrained wp-container-core-group-is-layout-2cb48cf1 wp-block-group-is-layout-constrained has-background\" style=\"margin-top:var(--wp--preset--spacing--80);margin-bottom:var(--wp--preset--spacing--80);background-image:url(&apos;https:\/\/dev.lbase.software\/wp-content\/uploads\/Helix.png&apos;);background-position:0% 50%;background-repeat:no-repeat;background-size:contain;\">\n<p class=\"has-large-font-size\">Returns are an integral part of the shipping business and play a central role in warehouse management. With our software, you can efficiently optimise returns management: Products are quickly reintegrated into the warehouse stock or disposed of properly. Standardised procedures and rapid control of returned goods help to reduce costs and conserve resources.&nbsp;<\/p>\n\n\n\n<div class=\"wp-block-group is-layout-grid wp-container-core-group-is-layout-bec8567f wp-block-group-is-layout-grid\">\n<div class=\"wp-block-group has-global-padding is-layout-constrained wp-block-group-is-layout-constrained\">\n<h2 class=\"wp-block-heading has-large-font-size\" id=\"h-ihre-herausforderung-nbsp\"><strong>Your challenge<\/strong>&nbsp;<\/h2>\n\n\n\n<p>Rising return rates due to online orders and increasing competitive pressure make efficient returns management an indispensable task for manufacturing and retail companies. Fast processing and standardised processes are crucial to mastering this challenge while keeping costs to a minimum.&nbsp;<\/p>\n<\/div>\n\n\n\n<div class=\"wp-block-group has-global-padding is-layout-constrained wp-block-group-is-layout-constrained\">\n<h2 class=\"wp-block-heading has-large-font-size\" id=\"h-unsere-losung-nbsp\"><strong>Our solution<\/strong>&nbsp;<\/h2>\n\n\n\n<p>Our returns management software offers a resource-saving solution for optimising your returns processes. By automating processes and analysing the reasons for returns, it enables fast, efficient processing and creates transparency in your returns processes. This not only reduces administrative work, but also improves cost efficiency.&nbsp;<\/p>\n<\/div>\n\n\n\n<div class=\"wp-block-group has-global-padding is-layout-constrained wp-block-group-is-layout-constrained\">\n<h2 class=\"wp-block-heading has-large-font-size\" id=\"h-die-zukunftsaussichten-nbsp\"><strong>The future prospects<\/strong>&nbsp;<\/h2>\n\n\n\n<p>Returns management will become even more complex due to future requirements such as customs duties, return costs and environmental regulations. Our software is constantly evolving to address these challenges and respond flexibly to new requirements.&nbsp;<\/p>\n<\/div>\n<\/div>\n<\/div>\n\n\n\n<div class=\"wp-block-group alignfull has-white-color has-text-color has-background has-x-large-font-size is-layout-flow wp-block-group-is-layout-flow\" style=\"background:linear-gradient(224deg,rgb(65,192,240) 0%,rgb(162,0,103) 100%);padding-top:var(--wp--preset--spacing--60);padding-right:var(--wp--preset--spacing--60);padding-bottom:var(--wp--preset--spacing--60);padding-left:var(--wp--preset--spacing--60)\">\n<div class=\"wp-block-group has-global-padding is-layout-constrained wp-block-group-is-layout-constrained\">\n<div class=\"wp-block-columns is-layout-flex wp-container-core-columns-is-layout-f24b2f23 wp-block-columns-is-layout-flex\" style=\"padding-top:var(--wp--preset--spacing--80);padding-bottom:var(--wp--preset--spacing--80)\">\n<div class=\"wp-block-column is-layout-flow wp-container-core-column-is-layout-f751d6c2 wp-block-column-is-layout-flow\" style=\"flex-basis:75%\">\n<div class=\"wp-block-group is-vertical is-layout-flex wp-container-core-group-is-layout-cd86aea5 wp-block-group-is-layout-flex\">\n<p>Standardised returns processes combined with the necessary flexibility are becoming increasingly important. With our software, you can use the latest technologies such as AI and mathematical models to reduce costs, minimise effort and at the same time sustainably increase customer satisfaction.&nbsp;<\/p>\n\n\n\n<div class=\"wp-block-buttons is-layout-flex wp-block-buttons-is-layout-flex\">\n<div class=\"wp-block-button is-style-fill\"><a class=\"wp-block-button__link has-secondary-color has-white-background-color has-text-color has-background has-link-color wp-element-button\" href=\"https:\/\/dev.lbase.software\/en\/kontakt\/\" style=\"border-style:none;border-width:0px\">CONTACT US<\/a><\/div>\n<\/div>\n<\/div>\n<\/div>\n\n\n\n<div class=\"wp-block-column is-layout-flow wp-block-column-is-layout-flow\" style=\"flex-basis:25%\">\n<div style=\"height:49px\" aria-hidden=\"true\" class=\"wp-block-spacer\"><\/div>\n<\/div>\n<\/div>\n<\/div>\n<\/div>","protected":false},"excerpt":{"rendered":"<p>Retouren sind ein fester Bestandteil des Versandgesch\u00e4fts und spielen eine zentrale Rolle in der Lagerverwaltung. Mit unserer Software k\u00f6nnen Sie das R\u00fccksendemanagement effizient optimieren: Produkte werden schnell wieder in den Lagerbestand integriert oder ordnungsgem\u00e4\u00df entsorgt. Standardisierte Verfahren und eine z\u00fcgige Kontrolle der Retourwaren helfen dabei, Kosten zu senken und Ressourcen zu schonen.&nbsp; Ihre Herausforderung&nbsp; Steigende [&hellip;]<\/p>\n","protected":false},"author":1,"featured_media":2562,"parent":0,"menu_order":0,"comment_status":"closed","ping_status":"closed","template":"","meta":{"_acf_changed":false,"content-type":"","footnotes":""},"categories":[],"tags":[],"class_list":["post-108","page","type-page","status-publish","has-post-thumbnail","hentry"],"acf":[],"_links":{"self":[{"href":"https:\/\/dev.lbase.software\/en\/wp-json\/wp\/v2\/pages\/108","targetHints":{"allow":["GET"]}}],"collection":[{"href":"https:\/\/dev.lbase.software\/en\/wp-json\/wp\/v2\/pages"}],"about":[{"href":"https:\/\/dev.lbase.software\/en\/wp-json\/wp\/v2\/types\/page"}],"author":[{"embeddable":true,"href":"https:\/\/dev.lbase.software\/en\/wp-json\/wp\/v2\/users\/1"}],"replies":[{"embeddable":true,"href":"https:\/\/dev.lbase.software\/en\/wp-json\/wp\/v2\/comments?post=108"}],"version-history":[{"count":14,"href":"https:\/\/dev.lbase.software\/en\/wp-json\/wp\/v2\/pages\/108\/revisions"}],"predecessor-version":[{"id":3512,"href":"https:\/\/dev.lbase.software\/en\/wp-json\/wp\/v2\/pages\/108\/revisions\/3512"}],"wp:featuredmedia":[{"embeddable":true,"href":"https:\/\/dev.lbase.software\/en\/wp-json\/wp\/v2\/media\/2562"}],"wp:attachment":[{"href":"https:\/\/dev.lbase.software\/en\/wp-json\/wp\/v2\/media?parent=108"}],"wp:term":[{"taxonomy":"category","embeddable":true,"href":"https:\/\/dev.lbase.software\/en\/wp-json\/wp\/v2\/categories?post=108"},{"taxonomy":"post_tag","embeddable":true,"href":"https:\/\/dev.lbase.software\/en\/wp-json\/wp\/v2\/tags?post=108"}],"curies":[{"name":"wp","href":"https:\/\/api.w.org\/{rel}","templated":true}]}}