{"id":106,"date":"2024-10-21T09:44:31","date_gmt":"2024-10-21T09:44:31","guid":{"rendered":"https:\/\/test.lbase.software\/?page_id=106"},"modified":"2025-02-21T21:39:32","modified_gmt":"2025-02-21T21:39:32","slug":"kommissionierung-und-auftragsmanagement","status":"publish","type":"page","link":"https:\/\/dev.lbase.software\/en\/kommissionierung-und-auftragsmanagement\/","title":{"rendered":"Order picking &amp; order management\u00a0"},"content":{"rendered":"<div class=\"wp-block-cover alignfull is-light is-style-default has-base-color has-text-color has-link-color wp-elements-540597e4e2025498af29485a7c7a1524\" style=\"padding-top:var(--wp--preset--spacing--80);padding-bottom:var(--wp--preset--spacing--80);min-height:25vw;aspect-ratio:unset;\"><span aria-hidden=\"true\" class=\"wp-block-cover__background has-contrast-background-color has-background-dim\"><\/span><img loading=\"lazy\" decoding=\"async\" width=\"1536\" height=\"600\" src=\"https:\/\/dev.lbase.software\/wp-content\/uploads\/Kommissionierung_WMS_lbaseSite_iSt_1815707882.jpg\" class=\"wp-block-cover__image-background wp-post-image\" alt=\"Kommissionierungs- und AuftragsmanagementAxians lbase\" data-object-fit=\"cover\" data-object-position=\"54% 18%\" style=\"object-position:54% 18%;\" srcset=\"https:\/\/dev.lbase.software\/wp-content\/uploads\/Kommissionierung_WMS_lbaseSite_iSt_1815707882.jpg 1536w, https:\/\/dev.lbase.software\/wp-content\/uploads\/Kommissionierung_WMS_lbaseSite_iSt_1815707882-300x117.jpg 300w, https:\/\/dev.lbase.software\/wp-content\/uploads\/Kommissionierung_WMS_lbaseSite_iSt_1815707882-1024x400.jpg 1024w, https:\/\/dev.lbase.software\/wp-content\/uploads\/Kommissionierung_WMS_lbaseSite_iSt_1815707882-768x300.jpg 768w, https:\/\/dev.lbase.software\/wp-content\/uploads\/Kommissionierung_WMS_lbaseSite_iSt_1815707882-18x7.jpg 18w\" sizes=\"auto, (max-width: 1536px) 100vw, 1536px\" \/><div class=\"wp-block-cover__inner-container is-layout-flow wp-block-cover-is-layout-flow\"><h2 class=\"has-text-align-center has-link-color wp-elements-6185a3863d3d479784602f2f05360429 wp-block-post-title has-text-color has-base-color\">Order picking &amp; order management\u00a0<\/h2><\/div><\/div>\n\n\n\n<div class=\"wp-block-group alignfull has-global-padding is-layout-constrained wp-container-core-group-is-layout-2cb48cf1 wp-block-group-is-layout-constrained has-background\" style=\"margin-top:var(--wp--preset--spacing--80);margin-bottom:var(--wp--preset--spacing--80);background-image:url(&apos;https:\/\/dev.lbase.software\/wp-content\/uploads\/Helix.png&apos;);background-position:0% 50%;background-repeat:no-repeat;background-size:contain;\">\n<p class=\"has-large-font-size\">Customised picking orders pose major challenges for warehousing and retail companies. Customers expect fast, precise article recording and prompt dispatch. With the help of modern technologies such as scanners or other pick-by systems, our software supports both simple and multi-stage picking processes such as multi-order picking. This not only guarantees efficient order management, but also ensures that customer orders are processed smoothly and on time.&nbsp;<\/p>\n\n\n\n<div class=\"wp-block-group is-layout-grid wp-container-core-group-is-layout-bec8567f wp-block-group-is-layout-grid\">\n<div class=\"wp-block-group has-global-padding is-layout-constrained wp-block-group-is-layout-constrained\">\n<h2 class=\"wp-block-heading has-large-font-size\"><strong>Your challenge<\/strong>&nbsp;<\/h2>\n\n\n\n<p>The increasing demand for customised order picking solutions presents companies with the task of using increasingly complex systems efficiently. Production and retail companies need a solution that provides the correct items in the right quantity as quickly as possible and can react flexibly to individual requirements.&nbsp;<\/p>\n<\/div>\n\n\n\n<div class=\"wp-block-group has-global-padding is-layout-constrained wp-block-group-is-layout-constrained\">\n<h2 class=\"wp-block-heading has-large-font-size\"><strong>Our solution<\/strong>&nbsp;<\/h2>\n\n\n\n<p>The lbase WMS software for picking and order management supports seamless integration with technologies such as pick-by-systems and also reliably handles multi-level picking or multi-order picking. It ensures that orders are fulfilled accurately and on time, strengthening your customer loyalty.&nbsp;<\/p>\n<\/div>\n\n\n\n<div class=\"wp-block-group has-global-padding is-layout-constrained wp-block-group-is-layout-constrained\">\n<h2 class=\"wp-block-heading has-large-font-size\"><strong>The future prospects<\/strong>&nbsp;<\/h2>\n\n\n\n<p>Customised order picking solutions will continue to gain in importance. Our software is designed to remain flexible and future-proof in order to adapt to new technologies and requirements. You benefit from a solution that supports your existing processes while leaving room for innovation.&nbsp;<\/p>\n<\/div>\n<\/div>\n<\/div>\n\n\n\n<div class=\"wp-block-group alignfull has-white-color has-text-color has-background has-x-large-font-size is-layout-flow wp-block-group-is-layout-flow\" style=\"background:linear-gradient(224deg,rgb(65,192,240) 0%,rgb(162,0,103) 100%);padding-top:var(--wp--preset--spacing--60);padding-right:var(--wp--preset--spacing--60);padding-bottom:var(--wp--preset--spacing--60);padding-left:var(--wp--preset--spacing--60)\">\n<div class=\"wp-block-group has-global-padding is-layout-constrained wp-block-group-is-layout-constrained\">\n<div class=\"wp-block-columns is-layout-flex wp-container-core-columns-is-layout-f24b2f23 wp-block-columns-is-layout-flex\" style=\"padding-top:var(--wp--preset--spacing--80);padding-bottom:var(--wp--preset--spacing--80)\">\n<div class=\"wp-block-column is-layout-flow wp-container-core-column-is-layout-f751d6c2 wp-block-column-is-layout-flow\" style=\"flex-basis:75%\">\n<div class=\"wp-block-group is-vertical is-layout-flex wp-container-core-group-is-layout-cd86aea5 wp-block-group-is-layout-flex\">\n<p>While automated systems such as computers, robots and autonomous vehicles take over simple, repetitive tasks, our software allows you to keep control of your incoming orders and warehouse management at all times.&nbsp;<\/p>\n\n\n\n<div class=\"wp-block-buttons is-layout-flex wp-block-buttons-is-layout-flex\">\n<div class=\"wp-block-button is-style-fill\"><a class=\"wp-block-button__link has-secondary-color has-white-background-color has-text-color has-background has-link-color wp-element-button\" href=\"https:\/\/dev.lbase.software\/en\/kontakt\/\" style=\"border-style:none;border-width:0px\">CONTACT US<\/a><\/div>\n<\/div>\n<\/div>\n<\/div>\n\n\n\n<div class=\"wp-block-column is-layout-flow wp-block-column-is-layout-flow\" style=\"flex-basis:25%\">\n<div style=\"height:49px\" aria-hidden=\"true\" class=\"wp-block-spacer\"><\/div>\n<\/div>\n<\/div>\n<\/div>\n<\/div>","protected":false},"excerpt":{"rendered":"<p>Ma\u00dfgeschneiderte Kommissionierungsauftr\u00e4ge stellen Lager- und Handelsunternehmen vor gro\u00dfe Herausforderungen. Kunden erwarten eine schnelle, pr\u00e4zise Artikelerfassung und einen zeitnahen Versand. Mithilfe moderner Technologien wie Scannern oder anderen Pick-by-Systemen unterst\u00fctzt unsere Software sowohl einfache als auch mehrstufige Kommissionierungsverfahren wie das Multi-Order-Picking. So gew\u00e4hrleistet sie nicht nur ein effizientes Auftragsmanagement, sondern sorgt auch f\u00fcr eine reibungslose und termingerechte [&hellip;]<\/p>\n","protected":false},"author":1,"featured_media":2560,"parent":0,"menu_order":0,"comment_status":"closed","ping_status":"closed","template":"","meta":{"_acf_changed":false,"content-type":"","footnotes":""},"categories":[],"tags":[],"class_list":["post-106","page","type-page","status-publish","has-post-thumbnail","hentry"],"acf":[],"_links":{"self":[{"href":"https:\/\/dev.lbase.software\/en\/wp-json\/wp\/v2\/pages\/106","targetHints":{"allow":["GET"]}}],"collection":[{"href":"https:\/\/dev.lbase.software\/en\/wp-json\/wp\/v2\/pages"}],"about":[{"href":"https:\/\/dev.lbase.software\/en\/wp-json\/wp\/v2\/types\/page"}],"author":[{"embeddable":true,"href":"https:\/\/dev.lbase.software\/en\/wp-json\/wp\/v2\/users\/1"}],"replies":[{"embeddable":true,"href":"https:\/\/dev.lbase.software\/en\/wp-json\/wp\/v2\/comments?post=106"}],"version-history":[{"count":12,"href":"https:\/\/dev.lbase.software\/en\/wp-json\/wp\/v2\/pages\/106\/revisions"}],"predecessor-version":[{"id":3128,"href":"https:\/\/dev.lbase.software\/en\/wp-json\/wp\/v2\/pages\/106\/revisions\/3128"}],"wp:featuredmedia":[{"embeddable":true,"href":"https:\/\/dev.lbase.software\/en\/wp-json\/wp\/v2\/media\/2560"}],"wp:attachment":[{"href":"https:\/\/dev.lbase.software\/en\/wp-json\/wp\/v2\/media?parent=106"}],"wp:term":[{"taxonomy":"category","embeddable":true,"href":"https:\/\/dev.lbase.software\/en\/wp-json\/wp\/v2\/categories?post=106"},{"taxonomy":"post_tag","embeddable":true,"href":"https:\/\/dev.lbase.software\/en\/wp-json\/wp\/v2\/tags?post=106"}],"curies":[{"name":"wp","href":"https:\/\/api.w.org\/{rel}","templated":true}]}}