{"id":102,"date":"2024-10-21T09:43:00","date_gmt":"2024-10-21T09:43:00","guid":{"rendered":"https:\/\/test.lbase.software\/?page_id=102"},"modified":"2025-02-21T21:23:50","modified_gmt":"2025-02-21T21:23:50","slug":"optimierung-der-lager-und-materialfluesse","status":"publish","type":"page","link":"https:\/\/dev.lbase.software\/en\/optimierung-der-lager-und-materialfluesse\/","title":{"rendered":"Optimization of warehouse and material flows"},"content":{"rendered":"<div class=\"wp-block-cover alignfull is-style-default has-base-color has-text-color has-link-color wp-elements-543ad394b9ab368106344919fac3bc4b\" style=\"padding-top:var(--wp--preset--spacing--80);padding-bottom:var(--wp--preset--spacing--80);min-height:25vw;aspect-ratio:unset;\"><span aria-hidden=\"true\" class=\"wp-block-cover__background has-contrast-background-color has-background-dim\"><\/span><img loading=\"lazy\" decoding=\"async\" width=\"1536\" height=\"600\" src=\"https:\/\/dev.lbase.software\/wp-content\/uploads\/Materialfluesse_WMS_lbaseWsite_iSt_1382273898.jpg\" class=\"wp-block-cover__image-background wp-post-image\" alt=\"Warehouse Management Materilafluss axians lbase\" data-object-fit=\"cover\" srcset=\"https:\/\/dev.lbase.software\/wp-content\/uploads\/Materialfluesse_WMS_lbaseWsite_iSt_1382273898.jpg 1536w, https:\/\/dev.lbase.software\/wp-content\/uploads\/Materialfluesse_WMS_lbaseWsite_iSt_1382273898-300x117.jpg 300w, https:\/\/dev.lbase.software\/wp-content\/uploads\/Materialfluesse_WMS_lbaseWsite_iSt_1382273898-1024x400.jpg 1024w, https:\/\/dev.lbase.software\/wp-content\/uploads\/Materialfluesse_WMS_lbaseWsite_iSt_1382273898-768x300.jpg 768w, https:\/\/dev.lbase.software\/wp-content\/uploads\/Materialfluesse_WMS_lbaseWsite_iSt_1382273898-18x7.jpg 18w\" sizes=\"auto, (max-width: 1536px) 100vw, 1536px\" \/><div class=\"wp-block-cover__inner-container is-layout-flow wp-block-cover-is-layout-flow\"><h2 class=\"has-text-align-center has-link-color wp-elements-6185a3863d3d479784602f2f05360429 wp-block-post-title has-text-color has-base-color\">Optimization of warehouse and material flows<\/h2><\/div><\/div>\n\n\n\n<div class=\"wp-block-group alignfull has-global-padding is-layout-constrained wp-container-core-group-is-layout-2cb48cf1 wp-block-group-is-layout-constrained has-background\" style=\"margin-top:var(--wp--preset--spacing--80);margin-bottom:var(--wp--preset--spacing--80);background-image:url(&apos;https:\/\/dev.lbase.software\/wp-content\/uploads\/Helix.png&apos;);background-position:0% 50%;background-repeat:no-repeat;background-size:contain;\">\n<p class=\"has-large-font-size\">Time-consuming travel times and a cumbersome warehouse layout can cost time as they slow down material flows and work processes. Optimising warehouse flows according to your specifications and requirements can minimise warehousing costs. The lbase WMS software not only enables optimum replenishment control, but also efficient cross-docking processes to optimise the flow of goods in your warehouse.&nbsp;<\/p>\n\n\n\n<div class=\"wp-block-group is-layout-grid wp-container-core-group-is-layout-bec8567f wp-block-group-is-layout-grid\">\n<div class=\"wp-block-group has-global-padding is-layout-constrained wp-block-group-is-layout-constrained\">\n<h2 class=\"wp-block-heading has-large-font-size\" id=\"h-ihre-herausforderung-nbsp\"><strong>Your challenge<\/strong>&nbsp;<\/h2>\n\n\n\n<p>Warehouse optimisation for short distances and an efficient layout can save time and money. You want to get the most out of your warehouse operations and not leave warehouse planning and journey times to chance in order to operate efficient warehouse management.&nbsp;<\/p>\n<\/div>\n\n\n\n<div class=\"wp-block-group has-global-padding is-layout-constrained wp-block-group-is-layout-constrained\">\n<h2 class=\"wp-block-heading has-large-font-size\" id=\"h-unsere-losung-nbsp\"><strong>Our solution<\/strong>&nbsp;<\/h2>\n\n\n\n<p>With the support of AI, our software for warehouse and material flows creates optimised warehouse layouts and demand forecasts for optimum inventory management. With the help of digital support, the flow of goods is optimised from goods receipt to dispatch.&nbsp;<\/p>\n<\/div>\n\n\n\n<div class=\"wp-block-group has-global-padding is-layout-constrained wp-block-group-is-layout-constrained\">\n<h2 class=\"wp-block-heading has-large-font-size\" id=\"h-die-zukunftsaussichten-nbsp\"><strong>The future prospects<\/strong>&nbsp;<\/h2>\n\n\n\n<p>Complex systems need complex answers. With our software, however, the complexity remains in the background and does the work for you. With mathematical models and AI support, we will continue to offer the optimum warehouse optimisation software for ever new requirements in the future.&nbsp;<\/p>\n<\/div>\n<\/div>\n<\/div>\n\n\n\n<div class=\"wp-block-group alignfull has-white-color has-text-color has-background has-x-large-font-size is-layout-flow wp-block-group-is-layout-flow\" style=\"background:linear-gradient(224deg,rgb(65,192,240) 0%,rgb(162,0,103) 100%);padding-top:var(--wp--preset--spacing--60);padding-right:var(--wp--preset--spacing--60);padding-bottom:var(--wp--preset--spacing--60);padding-left:var(--wp--preset--spacing--60)\">\n<div class=\"wp-block-group has-global-padding is-layout-constrained wp-block-group-is-layout-constrained\">\n<div class=\"wp-block-columns is-layout-flex wp-container-core-columns-is-layout-f24b2f23 wp-block-columns-is-layout-flex\" style=\"padding-top:var(--wp--preset--spacing--80);padding-bottom:var(--wp--preset--spacing--80)\">\n<div class=\"wp-block-column is-layout-flow wp-container-core-column-is-layout-f751d6c2 wp-block-column-is-layout-flow\" style=\"flex-basis:75%\">\n<div class=\"wp-block-group is-vertical is-layout-flex wp-container-core-group-is-layout-c35747d5 wp-block-group-is-layout-flex\">\n<div class=\"wp-block-group has-global-padding is-layout-constrained wp-container-core-group-is-layout-c5bbea69 wp-block-group-is-layout-constrained\">\n<div class=\"wp-block-group has-global-padding is-layout-constrained wp-block-group-is-layout-constrained\">\n<p>Whether order, returns or simple warehouse management - the demands on production, logistics and retail companies and their warehouses are constantly increasing. <\/p>\n\n\n\n<p>Get the best out of your warehouse with our WMS software solution for the best possible warehouse and material flows.&nbsp;<\/p>\n<\/div>\n\n\n\n<div class=\"wp-block-buttons is-layout-flex wp-block-buttons-is-layout-flex\">\n<div class=\"wp-block-button is-style-fill\"><a class=\"wp-block-button__link has-secondary-color has-white-background-color has-text-color has-background has-link-color wp-element-button\" href=\"https:\/\/dev.lbase.software\/en\/kontakt\/\" style=\"border-style:none;border-width:0px\">CONTACT US<\/a><\/div>\n<\/div>\n<\/div>\n<\/div>\n<\/div>\n\n\n\n<div class=\"wp-block-column is-layout-flow wp-block-column-is-layout-flow\" style=\"flex-basis:25%\">\n<div style=\"height:49px\" aria-hidden=\"true\" class=\"wp-block-spacer\"><\/div>\n<\/div>\n<\/div>\n<\/div>\n<\/div>","protected":false},"excerpt":{"rendered":"<p>Aufw\u00e4ndige Wegzeiten und ein umst\u00e4ndliches Lagerlayout k\u00f6nnen Zeit kosten, da sie Materialfl\u00fcsse und Arbeitsprozesse verlangsamen. Mit einer Optimierung der Lagerfl\u00fcsse nach Ihren Vorgaben und Anforderungen k\u00f6nnen Lagerhaltungskosten minimiert werden. Die lbase WMS-Software erm\u00f6glicht nicht nur eine optimale Nachschubsteuerung, sondern auch effiziente Cross-Docking-Prozesse, um den Warenfluss in Ihrem Lager bestm\u00f6glich zu steuern.&nbsp; Ihre Herausforderung&nbsp; Die Lageroptimierung [&hellip;]<\/p>\n","protected":false},"author":1,"featured_media":2559,"parent":0,"menu_order":0,"comment_status":"closed","ping_status":"closed","template":"","meta":{"_acf_changed":false,"content-type":"","footnotes":""},"categories":[],"tags":[],"class_list":["post-102","page","type-page","status-publish","has-post-thumbnail","hentry"],"acf":[],"_links":{"self":[{"href":"https:\/\/dev.lbase.software\/en\/wp-json\/wp\/v2\/pages\/102","targetHints":{"allow":["GET"]}}],"collection":[{"href":"https:\/\/dev.lbase.software\/en\/wp-json\/wp\/v2\/pages"}],"about":[{"href":"https:\/\/dev.lbase.software\/en\/wp-json\/wp\/v2\/types\/page"}],"author":[{"embeddable":true,"href":"https:\/\/dev.lbase.software\/en\/wp-json\/wp\/v2\/users\/1"}],"replies":[{"embeddable":true,"href":"https:\/\/dev.lbase.software\/en\/wp-json\/wp\/v2\/comments?post=102"}],"version-history":[{"count":15,"href":"https:\/\/dev.lbase.software\/en\/wp-json\/wp\/v2\/pages\/102\/revisions"}],"predecessor-version":[{"id":3511,"href":"https:\/\/dev.lbase.software\/en\/wp-json\/wp\/v2\/pages\/102\/revisions\/3511"}],"wp:featuredmedia":[{"embeddable":true,"href":"https:\/\/dev.lbase.software\/en\/wp-json\/wp\/v2\/media\/2559"}],"wp:attachment":[{"href":"https:\/\/dev.lbase.software\/en\/wp-json\/wp\/v2\/media?parent=102"}],"wp:term":[{"taxonomy":"category","embeddable":true,"href":"https:\/\/dev.lbase.software\/en\/wp-json\/wp\/v2\/categories?post=102"},{"taxonomy":"post_tag","embeddable":true,"href":"https:\/\/dev.lbase.software\/en\/wp-json\/wp\/v2\/tags?post=102"}],"curies":[{"name":"wp","href":"https:\/\/api.w.org\/{rel}","templated":true}]}}